{"id":9178,"date":"2021-01-18T21:37:35","date_gmt":"2021-01-18T21:37:35","guid":{"rendered":"https:\/\/biosamp.ba\/?page_id=9178"},"modified":"2023-11-26T16:12:05","modified_gmt":"2023-11-26T16:12:05","slug":"kontakt","status":"publish","type":"page","link":"https:\/\/biosamp.ba\/en\/kontakt\/","title":{"rendered":"CONTACT"},"content":{"rendered":"<h2>CONTACT INFORMATION<\/h2>\n<p>\t\t\t<iframe frameborder=\"0\" scrolling=\"no\" marginheight=\"0\" marginwidth=\"0\" src=\"https:\/\/maps.google.com\/maps?q=BIOSAMP%20&amp;t=m&amp;z=11&amp;output=embed&amp;iwloc=near\" title=\"BIOSAMP \" aria-label=\"BIOSAMP \"><\/iframe>\t\t<\/p>\n<p style=\"font-size: 14px;\">BIO-\u0160AMP<b> d.o.o.<br \/><\/b>\u0160ije 65, 74260 Te\u0161anj,<br \/>Bosna i Hercegovina<br \/>+387 32 694 691<br \/>+387 32 694 248<\/p>\n<p><strong>CEO &amp; FOUNDER<\/strong><br \/><a style=\"font-size: 14px;\" href=\"mailto:fahir@biosamp.ba\">fahir@biosamp.ba<\/a><\/p>\n<p style=\"font-size: 14px;\"><strong>Manager<\/strong><br \/><a style=\"font-size: 14px;\" href=\"mailto:vahid@biosamp.ba\">vahid@biosamp.ba<\/a><br \/>Mobitel: +387 61 898502<\/p>\n<p><strong>Finance Department<\/strong><br \/><a href=\"mailto:edina@biosamp.ba\">edina@biosamp.ba<\/a><br \/>Mobitel: +387 61 898506<\/p>\n<p><strong>Manager QMS, HACCP<\/strong><br \/><a href=\"mailto:emina@biosamp.ba\">emina@biosamp.ba<\/a><br \/>Mobitel: +387 61 898511<\/p>\n<p style=\"font-style: normal; font-variant-ligatures: normal; font-variant-caps: normal; font-weight: 400; font-family: Lato, Arial, Helvetica, sans-serif; font-size: 14px;\"><strong>Sales department Area Tesanj<br \/><\/strong>Husein Hasani\u0107<br \/><a style=\"font-size: 14px;\" href=\"mailto:husein@biosamp.ba\">husein@biosamp.ba<\/a><br \/>Mobitel: +387 61 898 503<\/p>\n<p style=\"font-style: normal; font-variant-ligatures: normal; font-variant-caps: normal; font-weight: 400; font-family: Lato, Arial, Helvetica, sans-serif; font-size: 14px;\">\n<p style=\"font-style: normal; font-variant-ligatures: normal; font-variant-caps: normal; font-weight: 400; font-family: Lato, Arial, Helvetica, sans-serif; font-size: 14px;\"><strong>Transport<br \/><\/strong>Medin Hasani\u0107<br \/><a href=\"mailto:medin@biosamp.ba\">medin@biosamp.ba<\/a>\u00a0<br \/>Cellphone: +387 61 898 688<\/p>","protected":false},"excerpt":{"rendered":"<p>KONTAKT INFORMACIJE BIO-\u0160AMP d.o.o.\u0160ije 65, 74260 Te\u0161anj,Bosna i Hercegovina+387 32 694 691+387 32 694 248 Vlasnikfahir@biosamp.ba Direktorvahid@biosamp.baMobitel: +387 61 898502<\/p>","protected":false},"author":1,"featured_media":0,"parent":0,"menu_order":0,"comment_status":"closed","ping_status":"closed","template":"","meta":{"footnotes":""},"class_list":["post-9178","page","type-page","status-publish","hentry"],"_links":{"self":[{"href":"https:\/\/biosamp.ba\/en\/wp-json\/wp\/v2\/pages\/9178","targetHints":{"allow":["GET"]}}],"collection":[{"href":"https:\/\/biosamp.ba\/en\/wp-json\/wp\/v2\/pages"}],"about":[{"href":"https:\/\/biosamp.ba\/en\/wp-json\/wp\/v2\/types\/page"}],"author":[{"embeddable":true,"href":"https:\/\/biosamp.ba\/en\/wp-json\/wp\/v2\/users\/1"}],"replies":[{"embeddable":true,"href":"https:\/\/biosamp.ba\/en\/wp-json\/wp\/v2\/comments?post=9178"}],"version-history":[{"count":1,"href":"https:\/\/biosamp.ba\/en\/wp-json\/wp\/v2\/pages\/9178\/revisions"}],"predecessor-version":[{"id":10000,"href":"https:\/\/biosamp.ba\/en\/wp-json\/wp\/v2\/pages\/9178\/revisions\/10000"}],"wp:attachment":[{"href":"https:\/\/biosamp.ba\/en\/wp-json\/wp\/v2\/media?parent=9178"}],"curies":[{"name":"wp","href":"https:\/\/api.w.org\/{rel}","templated":true}]}}