{"id":9612,"date":"2021-01-30T01:37:52","date_gmt":"2021-01-30T01:37:52","guid":{"rendered":"https:\/\/biosamp.ba\/?page_id=9612"},"modified":"2021-01-30T01:59:25","modified_gmt":"2021-01-30T01:59:25","slug":"transport","status":"publish","type":"page","link":"http:\/\/biosamp.ba\/bs_ba\/transport\/","title":{"rendered":"TRANSPORT"},"content":{"rendered":"\t\t<div data-elementor-type=\"wp-page\" data-elementor-id=\"9612\" class=\"elementor elementor-9612\">\n\t\t\t\t\t\t\t\t\t<section class=\"elementor-section elementor-top-section elementor-element elementor-element-4a85f6f elementor-section-boxed elementor-section-height-default elementor-section-height-default wd-section-disabled\" data-id=\"4a85f6f\" data-element_type=\"section\">\n\t\t\t\t\t\t<div class=\"elementor-container elementor-column-gap-default\">\n\t\t\t\t\t<div class=\"elementor-column elementor-col-50 elementor-top-column elementor-element elementor-element-8441a35\" data-id=\"8441a35\" data-element_type=\"column\">\n\t\t\t<div class=\"elementor-widget-wrap elementor-element-populated\">\n\t\t\t\t\t\t\t\t<div class=\"elementor-element elementor-element-f277e46 elementor-widget elementor-widget-image\" data-id=\"f277e46\" data-element_type=\"widget\" data-widget_type=\"image.default\">\n\t\t\t\t<div class=\"elementor-widget-container\">\n\t\t\t\t\t\t\t\t\t\t\t\t\t\t\t<img loading=\"lazy\" decoding=\"async\" width=\"488\" height=\"488\" src=\"https:\/\/biosamp.ba\/wp-content\/uploads\/2021\/01\/transport-slika.jpg\" class=\"attachment-large size-large wp-image-9622\" alt=\"\" srcset=\"https:\/\/biosamp.ba\/wp-content\/uploads\/2021\/01\/transport-slika.jpg 488w, https:\/\/biosamp.ba\/wp-content\/uploads\/2021\/01\/transport-slika-300x300.jpg 300w, https:\/\/biosamp.ba\/wp-content\/uploads\/2021\/01\/transport-slika-150x150.jpg 150w, https:\/\/biosamp.ba\/wp-content\/uploads\/2021\/01\/transport-slika-100x100.jpg 100w\" sizes=\"auto, (max-width: 488px) 100vw, 488px\" \/>\t\t\t\t\t\t\t\t\t\t\t\t\t\t\t<\/div>\n\t\t\t\t<\/div>\n\t\t\t\t\t<\/div>\n\t\t<\/div>\n\t\t\t\t<div class=\"elementor-column elementor-col-50 elementor-top-column elementor-element elementor-element-a6937cd\" data-id=\"a6937cd\" data-element_type=\"column\">\n\t\t\t<div class=\"elementor-widget-wrap elementor-element-populated\">\n\t\t\t\t\t\t\t\t<div class=\"elementor-element elementor-element-ed65216 elementor-widget elementor-widget-heading\" data-id=\"ed65216\" data-element_type=\"widget\" data-widget_type=\"heading.default\">\n\t\t\t\t<div class=\"elementor-widget-container\">\n\t\t\t<h2 class=\"elementor-heading-title elementor-size-default\">ME\u0110UNARNODNI DRUMSKI TRANSPORT<\/h2>\t\t<\/div>\n\t\t\t\t<\/div>\n\t\t\t\t<div class=\"elementor-element elementor-element-bf853c0 color-scheme-inherit text-left elementor-widget elementor-widget-text-editor\" data-id=\"bf853c0\" data-element_type=\"widget\" data-widget_type=\"text-editor.default\">\n\t\t\t\t<div class=\"elementor-widget-container\">\n\t\t\t\t\t\t\t<p>BIO\u0160AMP d.o.o. je kompanija \u010dija je osnovna djelatnost proizvodnja svje\u017eeg \u0161ampinjona, zlatnog \u0161ampinjona, svje\u017eih bukova\u010da i shiitake gljiva te uvozom repromaterijala potrebnog za proizvodnju gljiva, ali shodno godinama na\u0161eg rada, u portfolio usluga, uvrstili smo i me\u0111unarodni transport, pru\u017eanje usluge prijevoza robe pod ceradom u doma\u0107em i me\u0111unarodnom drumskom saobra\u0107aju. Posjedujemo sve potrebne licence i dozvole za rad.<\/p><p>Prijevoz robe vr\u0161e profesionalni voza\u010di, vozilima koji zadovoljavaju sve stroge standarde Evropske Unije.<br \/>Kamioni firme BIO\u0160AMP d.o.o. svakodnevno se nalaze na podru\u010dju zapadne, centralne i isto\u010dne Evrope, Napominjemo da je sva roba u toku transporta osigurana.<br \/>Na\u0161a usluga se odlikuje brzom, kvalitetnom i sigurnom isporukom robe u bilo koji dio Evrope \u0161to potvrduju zadovoljni poslovni partneri sa kojima imamo dugogodi\u0161nju saradnju.<\/p><p>Ukoliko imate bilo kakvih pitanja za transport va\u0161e robe, ne ustru\u010davajte se da nas kontaktirate!<br \/>Ponuditi \u0107emo Vam najbolju mogu\u0107u opciju za transport.<\/p>\t\t\t\t\t\t<\/div>\n\t\t\t\t<\/div>\n\t\t\t\t\t<\/div>\n\t\t<\/div>\n\t\t\t\t\t\t\t<\/div>\n\t\t<\/section>\n\t\t\t\t<section class=\"elementor-section elementor-top-section elementor-element elementor-element-099d16f elementor-section-boxed elementor-section-height-default elementor-section-height-default wd-section-disabled\" data-id=\"099d16f\" data-element_type=\"section\">\n\t\t\t\t\t\t<div class=\"elementor-container elementor-column-gap-default\">\n\t\t\t\t\t<div class=\"elementor-column elementor-col-100 elementor-top-column elementor-element elementor-element-54a2bb4\" data-id=\"54a2bb4\" data-element_type=\"column\">\n\t\t\t<div class=\"elementor-widget-wrap elementor-element-populated\">\n\t\t\t\t\t\t\t\t<div class=\"elementor-element elementor-element-6796011 elementor-hidden-tablet elementor-hidden-phone elementor-widget elementor-widget-spacer\" data-id=\"6796011\" data-element_type=\"widget\" data-widget_type=\"spacer.default\">\n\t\t\t\t<div class=\"elementor-widget-container\">\n\t\t\t\t\t<div class=\"elementor-spacer\">\n\t\t\t<div class=\"elementor-spacer-inner\"><\/div>\n\t\t<\/div>\n\t\t\t\t<\/div>\n\t\t\t\t<\/div>\n\t\t\t\t\t<\/div>\n\t\t<\/div>\n\t\t\t\t\t\t\t<\/div>\n\t\t<\/section>\n\t\t\t\t<section class=\"elementor-section elementor-top-section elementor-element elementor-element-fdb1cab elementor-section-boxed elementor-section-height-default elementor-section-height-default wd-section-disabled\" data-id=\"fdb1cab\" data-element_type=\"section\">\n\t\t\t\t\t\t<div class=\"elementor-container elementor-column-gap-default\">\n\t\t\t\t\t<div class=\"elementor-column elementor-col-33 elementor-top-column elementor-element elementor-element-003b7d9\" data-id=\"003b7d9\" data-element_type=\"column\">\n\t\t\t<div class=\"elementor-widget-wrap elementor-element-populated\">\n\t\t\t\t\t\t\t\t<div class=\"elementor-element elementor-element-b7f9ee7 elementor-widget elementor-widget-spacer\" data-id=\"b7f9ee7\" data-element_type=\"widget\" data-widget_type=\"spacer.default\">\n\t\t\t\t<div class=\"elementor-widget-container\">\n\t\t\t\t\t<div class=\"elementor-spacer\">\n\t\t\t<div class=\"elementor-spacer-inner\"><\/div>\n\t\t<\/div>\n\t\t\t\t<\/div>\n\t\t\t\t<\/div>\n\t\t\t\t<div class=\"elementor-element elementor-element-d528947 elementor-view-stacked elementor-shape-circle elementor-widget elementor-widget-icon\" data-id=\"d528947\" data-element_type=\"widget\" data-widget_type=\"icon.default\">\n\t\t\t\t<div class=\"elementor-widget-container\">\n\t\t\t\t\t<div class=\"elementor-icon-wrapper\">\n\t\t\t<div class=\"elementor-icon\">\n\t\t\t<i aria-hidden=\"true\" class=\"fas fa-phone-square-alt\"><\/i>\t\t\t<\/div>\n\t\t<\/div>\n\t\t\t\t<\/div>\n\t\t\t\t<\/div>\n\t\t\t\t\t<\/div>\n\t\t<\/div>\n\t\t\t\t<div class=\"elementor-column elementor-col-66 elementor-top-column elementor-element elementor-element-5b40d34\" data-id=\"5b40d34\" data-element_type=\"column\">\n\t\t\t<div class=\"elementor-widget-wrap elementor-element-populated\">\n\t\t\t\t\t\t\t\t<div class=\"elementor-element elementor-element-01b286b elementor-widget elementor-widget-heading\" data-id=\"01b286b\" data-element_type=\"widget\" data-widget_type=\"heading.default\">\n\t\t\t\t<div class=\"elementor-widget-container\">\n\t\t\t<h2 class=\"elementor-heading-title elementor-size-default\">KONTAKTIRAJTE NAS<\/h2>\t\t<\/div>\n\t\t\t\t<\/div>\n\t\t\t\t<div class=\"elementor-element elementor-element-e8ea576 color-scheme-inherit text-left elementor-widget elementor-widget-text-editor\" data-id=\"e8ea576\" data-element_type=\"widget\" data-widget_type=\"text-editor.default\">\n\t\t\t\t<div class=\"elementor-widget-container\">\n\t\t\t\t\t\t\t<p>Ukoliko imate bilo kakvih pitanja za transport va\u0161e robe, ne ustru\u010davajte se da nas kontaktirate!<br \/>Ponuditi \u0107emo Vam najbolju mogu\u0107u opciju za transport.<br \/>___________________<\/p><p>Medin Hasani\u0107<br \/><a href=\"mailto:medin@biosamp.ba\">medin@biosamp.ba<\/a>\u00a0<br \/>Mobitel: +387 61 898 688<\/p>\t\t\t\t\t\t<\/div>\n\t\t\t\t<\/div>\n\t\t\t\t\t<\/div>\n\t\t<\/div>\n\t\t\t\t\t\t\t<\/div>\n\t\t<\/section>\n\t\t\t\t\t\t\t<\/div>\n\t\t","protected":false},"excerpt":{"rendered":"<p>ME\u0110UNARNODNI DRUMSKI TRANSPORT BIO\u0160AMP d.o.o. je kompanija \u010dija je osnovna djelatnost proizvodnja svje\u017eeg \u0161ampinjona, zlatnog \u0161ampinjona, svje\u017eih bukova\u010da i shiitake<\/p>\n","protected":false},"author":1,"featured_media":0,"parent":0,"menu_order":0,"comment_status":"closed","ping_status":"closed","template":"","meta":{"footnotes":""},"class_list":["post-9612","page","type-page","status-publish","hentry"],"_links":{"self":[{"href":"http:\/\/biosamp.ba\/bs_ba\/wp-json\/wp\/v2\/pages\/9612","targetHints":{"allow":["GET"]}}],"collection":[{"href":"http:\/\/biosamp.ba\/bs_ba\/wp-json\/wp\/v2\/pages"}],"about":[{"href":"http:\/\/biosamp.ba\/bs_ba\/wp-json\/wp\/v2\/types\/page"}],"author":[{"embeddable":true,"href":"http:\/\/biosamp.ba\/bs_ba\/wp-json\/wp\/v2\/users\/1"}],"replies":[{"embeddable":true,"href":"http:\/\/biosamp.ba\/bs_ba\/wp-json\/wp\/v2\/comments?post=9612"}],"version-history":[{"count":0,"href":"http:\/\/biosamp.ba\/bs_ba\/wp-json\/wp\/v2\/pages\/9612\/revisions"}],"wp:attachment":[{"href":"http:\/\/biosamp.ba\/bs_ba\/wp-json\/wp\/v2\/media?parent=9612"}],"curies":[{"name":"wp","href":"https:\/\/api.w.org\/{rel}","templated":true}]}}