{"id":9176,"date":"2021-01-18T21:37:22","date_gmt":"2021-01-18T21:37:22","guid":{"rendered":"https:\/\/biosamp.ba\/?page_id=9176"},"modified":"2021-05-04T18:03:39","modified_gmt":"2021-05-04T18:03:39","slug":"partneri","status":"publish","type":"page","link":"http:\/\/biosamp.ba\/bs_ba\/partneri\/","title":{"rendered":"PARTNERI"},"content":{"rendered":"\t\t<div data-elementor-type=\"wp-page\" data-elementor-id=\"9176\" class=\"elementor elementor-9176\">\n\t\t\t\t\t\t\t\t\t<section class=\"elementor-section elementor-top-section elementor-element elementor-element-2d69d774 elementor-section-boxed elementor-section-height-default elementor-section-height-default wd-section-disabled\" data-id=\"2d69d774\" data-element_type=\"section\">\n\t\t\t\t\t\t<div class=\"elementor-container elementor-column-gap-default\">\n\t\t\t\t\t<div class=\"elementor-column elementor-col-100 elementor-top-column elementor-element elementor-element-67e442d\" data-id=\"67e442d\" data-element_type=\"column\">\n\t\t\t<div class=\"elementor-widget-wrap elementor-element-populated\">\n\t\t\t\t\t\t\t\t<div class=\"elementor-element elementor-element-68fcf815 elementor-widget elementor-widget-wd_title\" data-id=\"68fcf815\" data-element_type=\"widget\" data-widget_type=\"wd_title.default\">\n\t\t\t\t<div class=\"elementor-widget-container\">\n\t\t\t\t\t<div class=\"title-wrapper woodmart-title-color-default woodmart-title-style-default woodmart-title-size-default text-center\">\n\n\t\t\t\n\t\t\t<div class=\"liner-continer\">\n\t\t\t\t<span class=\"left-line\"><\/span>\n\n\t\t\t\t<h4 class=\"woodmart-title-container title\">\n\t\t\t\t\tNA\u0160I<strong> PARTNERI<\/strong>\t\t\t\t<\/h4>\n\n\t\t\t\t\n\t\t\t\t<span class=\"right-line\"><\/span>\n\t\t\t<\/div>\n\n\t\t\t\t\t\t\t<div class=\"title-after_title\">\n\t\t\t\t\tZa na\u0161e partnere proizvedemo nekoliko desetina tona gljiva mjese\u010dno!\t\t\t\t<\/div>\n\t\t\t\t\t<\/div>\n\t\t\t\t<\/div>\n\t\t\t\t<\/div>\n\t\t\t\t<div class=\"elementor-element elementor-element-47694263 elementor-widget elementor-widget-spacer\" data-id=\"47694263\" data-element_type=\"widget\" data-widget_type=\"spacer.default\">\n\t\t\t\t<div class=\"elementor-widget-container\">\n\t\t\t\t\t<div class=\"elementor-spacer\">\n\t\t\t<div class=\"elementor-spacer-inner\"><\/div>\n\t\t<\/div>\n\t\t\t\t<\/div>\n\t\t\t\t<\/div>\n\t\t\t\t<div class=\"elementor-element elementor-element-1352e99f elementor-widget elementor-widget-wd_images_gallery\" data-id=\"1352e99f\" data-element_type=\"widget\" data-widget_type=\"wd_images_gallery.default\">\n\t\t\t\t<div class=\"elementor-widget-container\">\n\t\t\t\t\t<div class=\"woodmart-images-gallery gallery-halign-center gallery-valign-middle view-carousel woodmart-carousel-spacing-20 woodmart-carousel-container\" data-owl-carousel data-speed=\"\" data-wrap=\"yes\" data-hide_prev_next_buttons=\"no\" data-center_mode=\"yes\" data-desktop=\"5\" data-tablet_landscape=\"4\" data-tablet=\"3\" data-mobile=\"2\">\n\t\t\t<div class=\"gallery-images owl-carousel owl-items-lg-5 owl-items-md-4 owl-items-sm-3 owl-items-xs-2\">\n\t\t\t\t\t\t\t\t\t\t\t\t\t\t<div class=\"woodmart-gallery-item\">\n\t\t\t\t\t\t\t\t\t\t\t\t\n\t\t\t\t\t\t\t<img decoding=\"async\" src=\"https:\/\/biosamp.ba\/wp-content\/uploads\/2021\/01\/PARTNERI-LOGO-BEST.png\">\t\t\t\t\t\t\t\n\t\t\t\t\t\t\t\t\t\t\t<\/div>\n\t\t\t\t\t\t\t\t\t\t\t\t\t\t\t<div class=\"woodmart-gallery-item\">\n\t\t\t\t\t\t\t\t\t\t\t\t\n\t\t\t\t\t\t\t<img decoding=\"async\" src=\"https:\/\/biosamp.ba\/wp-content\/uploads\/2021\/01\/PARTNERI-LOGO-BINGO.png\">\t\t\t\t\t\t\t\n\t\t\t\t\t\t\t\t\t\t\t<\/div>\n\t\t\t\t\t\t\t\t\t\t\t\t\t\t\t<div class=\"woodmart-gallery-item\">\n\t\t\t\t\t\t\t\t\t\t\t\t\n\t\t\t\t\t\t\t<img decoding=\"async\" src=\"https:\/\/biosamp.ba\/wp-content\/uploads\/2021\/01\/PARTNERI-LOGO-ROBOT.png\">\t\t\t\t\t\t\t\n\t\t\t\t\t\t\t\t\t\t\t<\/div>\n\t\t\t\t\t\t\t\t\t\t\t\t\t\t\t<div class=\"woodmart-gallery-item\">\n\t\t\t\t\t\t\t\t\t\t\t\t\n\t\t\t\t\t\t\t<img decoding=\"async\" src=\"https:\/\/biosamp.ba\/wp-content\/uploads\/2021\/01\/PARTNERI-LOGO-KONZUM.png\">\t\t\t\t\t\t\t\n\t\t\t\t\t\t\t\t\t\t\t<\/div>\n\t\t\t\t\t\t\t\t\t\t\t\t\t\t\t<div class=\"woodmart-gallery-item\">\n\t\t\t\t\t\t\t\t\t\t\t\t\n\t\t\t\t\t\t\t<img decoding=\"async\" src=\"https:\/\/biosamp.ba\/wp-content\/uploads\/2021\/01\/PARTNERI-LOGO-MERKATOR.png\">\t\t\t\t\t\t\t\n\t\t\t\t\t\t\t\t\t\t\t<\/div>\n\t\t\t\t\t\t\t\t\t\t\t\t\t\t\t<div class=\"woodmart-gallery-item\">\n\t\t\t\t\t\t\t\t\t\t\t\t\n\t\t\t\t\t\t\t<img decoding=\"async\" src=\"https:\/\/biosamp.ba\/wp-content\/uploads\/2021\/01\/PARTNERI-LOGO-AME.png\">\t\t\t\t\t\t\t\n\t\t\t\t\t\t\t\t\t\t\t<\/div>\n\t\t\t\t\t\t\t\t\t\t\t\t\t\t\t<div class=\"woodmart-gallery-item\">\n\t\t\t\t\t\t\t\t\t\t\t\t\n\t\t\t\t\t\t\t<img decoding=\"async\" src=\"https:\/\/biosamp.ba\/wp-content\/uploads\/2021\/01\/PARTNERI-LOGO-HAS-KOMERC-ZENICA.png\">\t\t\t\t\t\t\t\n\t\t\t\t\t\t\t\t\t\t\t<\/div>\n\t\t\t\t\t\t\t\t\t\t\t\t\t\t\t<div class=\"woodmart-gallery-item\">\n\t\t\t\t\t\t\t\t\t\t\t\t\n\t\t\t\t\t\t\t<img decoding=\"async\" src=\"https:\/\/biosamp.ba\/wp-content\/uploads\/2021\/01\/PARTNERI-LOGO-MADI.png\">\t\t\t\t\t\t\t\n\t\t\t\t\t\t\t\t\t\t\t<\/div>\n\t\t\t\t\t\t\t\t\t\t\t\t\t\t\t<div class=\"woodmart-gallery-item\">\n\t\t\t\t\t\t\t\t\t\t\t\t\n\t\t\t\t\t\t\t<img decoding=\"async\" src=\"https:\/\/biosamp.ba\/wp-content\/uploads\/2021\/01\/PARTNERI-LOGO-PENNY-MARKETI.png\">\t\t\t\t\t\t\t\n\t\t\t\t\t\t\t\t\t\t\t<\/div>\n\t\t\t\t\t\t\t\t\t\t\t\t\t\t\t<div class=\"woodmart-gallery-item\">\n\t\t\t\t\t\t\t\t\t\t\t\t\n\t\t\t\t\t\t\t<img decoding=\"async\" src=\"https:\/\/biosamp.ba\/wp-content\/uploads\/2021\/01\/PARTNERI-LOGO-MEPROMEX.png\">\t\t\t\t\t\t\t\n\t\t\t\t\t\t\t\t\t\t\t<\/div>\n\t\t\t\t\t\t\t\t\t\t\t\t\t\t\t<div class=\"woodmart-gallery-item\">\n\t\t\t\t\t\t\t\t\t\t\t\t\n\t\t\t\t\t\t\t<img decoding=\"async\" src=\"https:\/\/biosamp.ba\/wp-content\/uploads\/2021\/05\/bios-partner-biosamp-logo.png\">\t\t\t\t\t\t\t\n\t\t\t\t\t\t\t\t\t\t\t<\/div>\n\t\t\t\t\t\t\t\t\t\t\t\t\t\t\t<div class=\"woodmart-gallery-item\">\n\t\t\t\t\t\t\t\t\t\t\t\t\n\t\t\t\t\t\t\t<img decoding=\"async\" src=\"https:\/\/biosamp.ba\/wp-content\/uploads\/2021\/05\/frutis-partner-biosamp-logo.png\">\t\t\t\t\t\t\t\n\t\t\t\t\t\t\t\t\t\t\t<\/div>\n\t\t\t\t\t\t\t\t\t\t\t\t\t\t\t<div class=\"woodmart-gallery-item\">\n\t\t\t\t\t\t\t\t\t\t\t\t\n\t\t\t\t\t\t\t<img decoding=\"async\" src=\"https:\/\/biosamp.ba\/wp-content\/uploads\/2021\/05\/jami-partner-biosamp-logo.png\">\t\t\t\t\t\t\t\n\t\t\t\t\t\t\t\t\t\t\t<\/div>\n\t\t\t\t\t\t\t\t\t\t\t\t\t\t\t<div class=\"woodmart-gallery-item\">\n\t\t\t\t\t\t\t\t\t\t\t\t\n\t\t\t\t\t\t\t<img decoding=\"async\" src=\"https:\/\/biosamp.ba\/wp-content\/uploads\/2021\/05\/piemonte-partner-biosamp-logo.png\">\t\t\t\t\t\t\t\n\t\t\t\t\t\t\t\t\t\t\t<\/div>\n\t\t\t\t\t\t\t\t\t\t\t\t\t\t\t<div class=\"woodmart-gallery-item\">\n\t\t\t\t\t\t\t\t\t\t\t\t\n\t\t\t\t\t\t\t<img decoding=\"async\" src=\"https:\/\/biosamp.ba\/wp-content\/uploads\/2021\/05\/susa-partner-biosamp-logo.png\">\t\t\t\t\t\t\t\n\t\t\t\t\t\t\t\t\t\t\t<\/div>\n\t\t\t\t\t\t\t\t\t\t\t\t\t\t\t<div class=\"woodmart-gallery-item\">\n\t\t\t\t\t\t\t\t\t\t\t\t\n\t\t\t\t\t\t\t<img decoding=\"async\" src=\"https:\/\/biosamp.ba\/wp-content\/uploads\/2021\/05\/yimor-partner-biosamp-logo.png\">\t\t\t\t\t\t\t\n\t\t\t\t\t\t\t\t\t\t\t<\/div>\n\t\t\t\t\t\t\t\t<\/div>\n\t\t<\/div>\n\t\t\t\t<\/div>\n\t\t\t\t<\/div>\n\t\t\t\t\t<\/div>\n\t\t<\/div>\n\t\t\t\t\t\t\t<\/div>\n\t\t<\/section>\n\t\t\t\t\t\t\t<\/div>\n\t\t","protected":false},"excerpt":{"rendered":"<p>NA\u0160I PARTNERI Za na\u0161e partnere proizvedemo nekoliko desetina tona gljiva mjese\u010dno!<\/p>\n","protected":false},"author":1,"featured_media":0,"parent":0,"menu_order":0,"comment_status":"closed","ping_status":"closed","template":"","meta":{"footnotes":""},"class_list":["post-9176","page","type-page","status-publish","hentry"],"_links":{"self":[{"href":"http:\/\/biosamp.ba\/bs_ba\/wp-json\/wp\/v2\/pages\/9176","targetHints":{"allow":["GET"]}}],"collection":[{"href":"http:\/\/biosamp.ba\/bs_ba\/wp-json\/wp\/v2\/pages"}],"about":[{"href":"http:\/\/biosamp.ba\/bs_ba\/wp-json\/wp\/v2\/types\/page"}],"author":[{"embeddable":true,"href":"http:\/\/biosamp.ba\/bs_ba\/wp-json\/wp\/v2\/users\/1"}],"replies":[{"embeddable":true,"href":"http:\/\/biosamp.ba\/bs_ba\/wp-json\/wp\/v2\/comments?post=9176"}],"version-history":[{"count":0,"href":"http:\/\/biosamp.ba\/bs_ba\/wp-json\/wp\/v2\/pages\/9176\/revisions"}],"wp:attachment":[{"href":"http:\/\/biosamp.ba\/bs_ba\/wp-json\/wp\/v2\/media?parent=9176"}],"curies":[{"name":"wp","href":"https:\/\/api.w.org\/{rel}","templated":true}]}}