{"id":9174,"date":"2021-01-18T21:37:07","date_gmt":"2021-01-18T21:37:07","guid":{"rendered":"https:\/\/biosamp.ba\/?page_id=9174"},"modified":"2021-01-30T01:27:07","modified_gmt":"2021-01-30T01:27:07","slug":"certifikati","status":"publish","type":"page","link":"http:\/\/biosamp.ba\/bs_ba\/certifikati\/","title":{"rendered":"CERTIFIKATI"},"content":{"rendered":"\t\t<div data-elementor-type=\"wp-page\" data-elementor-id=\"9174\" class=\"elementor elementor-9174\">\n\t\t\t\t\t\t\t\t\t<section class=\"elementor-section elementor-top-section elementor-element elementor-element-10a6a42 elementor-section-boxed elementor-section-height-default elementor-section-height-default wd-section-disabled\" data-id=\"10a6a42\" data-element_type=\"section\">\n\t\t\t\t\t\t<div class=\"elementor-container elementor-column-gap-default\">\n\t\t\t\t\t<div class=\"elementor-column elementor-col-100 elementor-top-column elementor-element elementor-element-d2cde15\" data-id=\"d2cde15\" data-element_type=\"column\">\n\t\t\t<div class=\"elementor-widget-wrap elementor-element-populated\">\n\t\t\t\t\t\t\t\t<div class=\"elementor-element elementor-element-54be1b2 color-scheme-inherit text-left elementor-widget elementor-widget-text-editor\" data-id=\"54be1b2\" data-element_type=\"widget\" data-widget_type=\"text-editor.default\">\n\t\t\t\t<div class=\"elementor-widget-container\">\n\t\t\t\t\t\t\t<p style=\"font-weight: 400;\"><strong>Firma Bio-\u0160amp d.o.o. posjeduje slijede\u0107e certifikate:<\/strong><\/p><ul><li><strong>HACCP<\/strong><\/li><\/ul><ul><li><strong>ISO 9001:2008<\/strong><\/li><\/ul><ul><li><strong>GLOBALG.A.P.<\/strong><\/li><\/ul><h2><strong>\u0160ta je HACCP?<\/strong><\/h2><h3><strong>HACCP \u2013 HAZARD ANALYSIS CRITICAL CONTROL POINTS<\/strong><\/h3><p style=\"font-weight: 400;\"><strong>HACCP\u00a0<\/strong>je sistem bezbjednosti hrane koji se zasniva na analizi i kontroli potencijalnih biolo\u0161kih\/mikrobiolo\u0161kih, hemijskih i fizi\u010dkih opasnosti kojima su izlo\u017eene sirovine, mogu\u0107ih opasnosti pri rukovanju, proizvodnji, distribuciji i konzumiranju krajnjeg proizvoda. Njegova primjena podrazumjeva po\u0161tovanje standardnih operativnih procedura i uputstava kojima se smanjuju rizici po bezbjednosti hrane.<\/p><h3><strong>HACCP<\/strong><\/h3><ul><li>Uspostavlja, ocijenjuje i kontroli\u0161e opasnosti koje bi mogle da uti\u010du na bezbjednost hrane,<\/li><\/ul><ul><li>Sistem upravlja kvalitetom i bezbjednosti hrane zasnovan na prevenciji,<\/li><\/ul><ul><li>Svaki zaposeni je informisan o tome \u0161ta, kako, kada i za\u0161to da se uradi u cilju prevencije rizika od hrane ali i svoje li\u010dne odgovornosti kako bi krajnji korisnik konzumirao zdravu i bezbjedni hranu.<\/li><\/ul><p style=\"font-weight: 400;\">Uspostavljena higijenska praksa je od su\u0161tinskog zna\u010daja za pra\u0107enje stanja\u00a0 tokom \u010ditavog lanca proizvodnje hrane, od primarne proizvodnje do finalnog proizvoda. Njenom primjenom se sprije\u010dava kontaminacija i obezbije\u0111uje adekvatno okru\u017eenje za rukovanje hranom.<\/p><p style=\"font-weight: 400;\"><strong>\u0160ta je ISO 9001:2008?<\/strong><\/p><table style=\"font-weight: 400;\" width=\"439\"><tbody><tr><td width=\"435\"><p><strong>ISO 9001 \u2013 SISTEM UPRAVLJANJA KVALITETOM<\/strong><\/p><\/td><\/tr><\/tbody><\/table><table style=\"font-weight: 400;\" width=\"643\"><tbody><tr><td width=\"639\"><p>Za uspje\u0161no vo\u0111enje i rad organizacije potrebno je njome upravljati na sistematizovan i razvidan na\u010din. Uspjeh je puno izvjesniji kao posljedica primjene i odr\u017eavanja sustava upravljanja kvalitetom.<\/p><p>ISO 9001 je najra\u0161irenija me\u0111unarodna norma koja postavlja zahtjeve za uspostavu i odr\u017eavanje sistema upravljanja kvalitetom, a primjenjiva je na organizacije svih vrsta.<\/p><p>Obuhvata osnovne procesa unutar organizacije (prodaja, razvoj, nabava, proizvodnja\/pru\u017eanje usluga, pobolj\u0161avanje, \u2026), osiguravaju\u0107i kroz sljede\u0107e radnje da su ovi procesi vo\u0111eni u\u00a0<\/p><p>nadziranim uvjetima :<\/p><ul><li>opisivanje procesa (ulazne i izlazne vrijednosti, vlasnik procesa, tijek procesa, odgovornosti, zahtjevi za proces, KPI),<\/li><li>postavljanje mjerljivih ciljeva procesa na temelju usporedivih podataka i informacija,<\/li><li>mjerenje i nadzor procesa preko klju\u010dnih pokazatelja izvedbe (KPI) procesa,<\/li><li>analiziranje podataka i izvje\u0161tavanje o uspje\u0161nosti procesa,<\/li><li>pobolj\u0161avanje procesa.<\/li><\/ul><p>Sistem upravljanja kvalitetom prema zahtjevima norme ISO 9001 danas se koristi u cijelom svijetu, a certifikacija tog sustava op\u0107e prihva\u0107en je na\u010din dokazivanja sada\u0161njem i potencijalnom partneru da \u0107e proizvod ili usluga zadovoljiti njegove zahtjeve prema kvaliteti.<\/p><p>Dobro razvijen i odr\u017eavan sustav upravljanja kvalitetom ima pozitivan doprinos na ostvarenje ciljeva poslovanja, pobolj\u0161avaju\u0107i:<\/p><ul><li>zadovoljstvo i povjerenje kupaca &#8211; vjernost kupaca, ponavljanje i u\u010dvr\u0161\u0107ivanje posla, brzi odgovori na tr\u017ei\u0161ne mogu\u0107nosti<\/li><li>sveukupne rezultate i sposobnosti &#8211; bolja kvaliteta proizvoda\/usluge, bolja radna u\u010dinkovitost, manji broj gre\u0161aka, manji tro\u0161kovi, preciznije isporuke i sl.<\/li><\/ul><\/td><\/tr><\/tbody><\/table><p style=\"font-weight: 400;\"><strong>\u0160ta je GLOBALGAP?<\/strong><\/p><h1><strong>GLOBALGAP \u2013 GLOBALNO PARTNERSTVO ZA BEZBJEDNU I ODR\u017dIVU POLJOPRIVREDU<\/strong><\/h1><p style=\"font-weight: 400;\"><strong>GLOBALGAP<\/strong>\u00a0je me\u0111unarodni komercijalni standard, koji obuhvata primarnu poljoprivrednu proizvodnju i aktivnosti nakon berbe. Standard je ustvari zemi\u0161ljen kao garancija prema maloprodaji i potro\u0161a\u010dima, da su poduzete sve mogu\u0107e mjere i kontrole da bi proizvod bio bezbjedan i sa zdravstvenog aspekta. Pojam komercijalni standard zna\u010di da je on osmi\u0161ljen i uveden od strane velikih trgova\u010dkih ku\u0107a, koje su uklju\u010dene u trgovini primarnim poljoprivrednim proizvodima i to naj\u010de\u0161\u0107e u ime krajnjeg potro\u0161a\u010da. Ovo zna\u010di da standard ni u jednoj zemlji nije zakonski reguliran, nego je dobrovoljan i obavezan za proizvo\u0111a\u010de koji \u017eele da svoje proizvode prodaju trgova\u010dkim ku\u0107ama. Trenutno se GLOBALGAP zahtjeva u ve\u0107ini europske maloprodajne mre\u017ee.<\/p><p style=\"font-weight: 400;\"><strong>Principi standarda GLOBALGAP:<\/strong><\/p><p style=\"font-weight: 400;\">Podr\u0161ka najboljih dostupnih poljoprivrednih praksi pri proizvodnji hrane za ljude i \u017eivotinje bazirana na potrebi za odr\u017eivom poljoprivredom. Dugoro\u010dna poljoprivredna proizvodnja mo\u017ee biti odr\u017eiva ukoliko ispunjava slijede\u0107e uvjete:<\/p><ul><li>proizvodnja visokokvalitetnih proizvoda u dovoljnim koli\u010dinama,<\/li><\/ul><ul><li>podr\u0161ka ekonomski prihvatljivoj poljoprivrednoj proizvodnji,<\/li><\/ul><ul><li>za\u0161tita \u017eivotne sredine i optimalna upotreba prirodnih energetskih resursa,<\/li><\/ul><ul><li>kombiniranje najbolje dostupnih profitabilnih praksi,<\/li><\/ul><ul><li>pobolj\u0161anje \u017eivotnih uvjeta lokalnih zajednica.<\/li><\/ul><h1><strong>Ciljevi standarda GLOBALGAP:<\/strong><\/h1><ul><li>bezbijednost hrane primjenom HACCP principa,<\/li><\/ul><ul><li>za\u0161tita \u017eivotne sredine,<\/li><\/ul><ul><li>kori\u0161tenje principa dobre poljoprivredne prakse,<\/li><\/ul><ul><li>zdravlje i bezbijednost zaposlenih i briga o socijalnom stanju zaposlenih,<\/li><\/ul><ul><li>briga o \u017eivotinjama tamo gdje je primjenjiva<\/li><\/ul><p>\u00a0<\/p>\t\t\t\t\t\t<\/div>\n\t\t\t\t<\/div>\n\t\t\t\t\t<\/div>\n\t\t<\/div>\n\t\t\t\t\t\t\t<\/div>\n\t\t<\/section>\n\t\t\t\t<section class=\"elementor-section elementor-top-section elementor-element elementor-element-3b200ea elementor-section-boxed elementor-section-height-default elementor-section-height-default wd-section-disabled\" data-id=\"3b200ea\" data-element_type=\"section\">\n\t\t\t\t\t\t<div class=\"elementor-container elementor-column-gap-default\">\n\t\t\t\t\t<div class=\"elementor-column elementor-col-33 elementor-top-column elementor-element elementor-element-3fc6a2a\" data-id=\"3fc6a2a\" data-element_type=\"column\">\n\t\t\t<div class=\"elementor-widget-wrap elementor-element-populated\">\n\t\t\t\t\t\t\t\t<div class=\"elementor-element elementor-element-89c3a59 elementor-widget elementor-widget-image\" data-id=\"89c3a59\" data-element_type=\"widget\" data-widget_type=\"image.default\">\n\t\t\t\t<div class=\"elementor-widget-container\">\n\t\t\t\t\t\t\t\t\t\t\t\t\t\t\t\t<a href=\"https:\/\/biosamp.ba\/wp-content\/uploads\/2021\/01\/GAP.png\" data-elementor-open-lightbox=\"yes\" data-elementor-lightbox-title=\"GAP\" data-e-action-hash=\"#elementor-action%3Aaction%3Dlightbox%26settings%3DeyJpZCI6OTU4MywidXJsIjoiaHR0cHM6XC9cL2Jpb3NhbXAuYmFcL3dwLWNvbnRlbnRcL3VwbG9hZHNcLzIwMjFcLzAxXC9HQVAucG5nIn0%3D\">\n\t\t\t\t\t\t\t<img loading=\"lazy\" decoding=\"async\" width=\"724\" height=\"1024\" src=\"https:\/\/biosamp.ba\/wp-content\/uploads\/2021\/01\/GAP-724x1024.png\" class=\"attachment-large size-large wp-image-9583\" alt=\"\" srcset=\"https:\/\/biosamp.ba\/wp-content\/uploads\/2021\/01\/GAP-724x1024.png 724w, https:\/\/biosamp.ba\/wp-content\/uploads\/2021\/01\/GAP-212x300.png 212w, https:\/\/biosamp.ba\/wp-content\/uploads\/2021\/01\/GAP-768x1086.png 768w, https:\/\/biosamp.ba\/wp-content\/uploads\/2021\/01\/GAP-1086x1536.png 1086w, https:\/\/biosamp.ba\/wp-content\/uploads\/2021\/01\/GAP-1448x2048.png 1448w, https:\/\/biosamp.ba\/wp-content\/uploads\/2021\/01\/GAP-1200x1697.png 1200w\" sizes=\"auto, (max-width: 724px) 100vw, 724px\" \/>\t\t\t\t\t\t\t\t<\/a>\n\t\t\t\t\t\t\t\t\t\t\t\t\t\t\t<\/div>\n\t\t\t\t<\/div>\n\t\t\t\t\t<\/div>\n\t\t<\/div>\n\t\t\t\t<div class=\"elementor-column elementor-col-33 elementor-top-column elementor-element elementor-element-c88f539\" data-id=\"c88f539\" data-element_type=\"column\">\n\t\t\t<div class=\"elementor-widget-wrap elementor-element-populated\">\n\t\t\t\t\t\t\t\t<div class=\"elementor-element elementor-element-d63e068 elementor-widget elementor-widget-image\" data-id=\"d63e068\" data-element_type=\"widget\" data-widget_type=\"image.default\">\n\t\t\t\t<div class=\"elementor-widget-container\">\n\t\t\t\t\t\t\t\t\t\t\t\t\t\t\t\t<a href=\"https:\/\/biosamp.ba\/wp-content\/uploads\/2021\/01\/HAACP.png\" data-elementor-open-lightbox=\"yes\" data-elementor-lightbox-title=\"HAACP\" data-e-action-hash=\"#elementor-action%3Aaction%3Dlightbox%26settings%3DeyJpZCI6OTU4NCwidXJsIjoiaHR0cHM6XC9cL2Jpb3NhbXAuYmFcL3dwLWNvbnRlbnRcL3VwbG9hZHNcLzIwMjFcLzAxXC9IQUFDUC5wbmcifQ%3D%3D\">\n\t\t\t\t\t\t\t<img loading=\"lazy\" decoding=\"async\" width=\"724\" height=\"1024\" src=\"https:\/\/biosamp.ba\/wp-content\/uploads\/2021\/01\/HAACP-724x1024.png\" class=\"attachment-large size-large wp-image-9584\" alt=\"\" srcset=\"https:\/\/biosamp.ba\/wp-content\/uploads\/2021\/01\/HAACP-724x1024.png 724w, https:\/\/biosamp.ba\/wp-content\/uploads\/2021\/01\/HAACP-212x300.png 212w, https:\/\/biosamp.ba\/wp-content\/uploads\/2021\/01\/HAACP-768x1086.png 768w, https:\/\/biosamp.ba\/wp-content\/uploads\/2021\/01\/HAACP-1086x1536.png 1086w, https:\/\/biosamp.ba\/wp-content\/uploads\/2021\/01\/HAACP-1448x2048.png 1448w, https:\/\/biosamp.ba\/wp-content\/uploads\/2021\/01\/HAACP-1200x1697.png 1200w\" sizes=\"auto, (max-width: 724px) 100vw, 724px\" \/>\t\t\t\t\t\t\t\t<\/a>\n\t\t\t\t\t\t\t\t\t\t\t\t\t\t\t<\/div>\n\t\t\t\t<\/div>\n\t\t\t\t\t<\/div>\n\t\t<\/div>\n\t\t\t\t<div class=\"elementor-column elementor-col-33 elementor-top-column elementor-element elementor-element-8dd0dcf\" data-id=\"8dd0dcf\" data-element_type=\"column\">\n\t\t\t<div class=\"elementor-widget-wrap elementor-element-populated\">\n\t\t\t\t\t\t\t\t<div class=\"elementor-element elementor-element-90d6fd4 elementor-widget elementor-widget-image\" data-id=\"90d6fd4\" data-element_type=\"widget\" data-widget_type=\"image.default\">\n\t\t\t\t<div class=\"elementor-widget-container\">\n\t\t\t\t\t\t\t\t\t\t\t\t\t\t\t\t<a href=\"https:\/\/biosamp.ba\/wp-content\/uploads\/2021\/01\/ISO9001.png\" data-elementor-open-lightbox=\"yes\" data-elementor-lightbox-title=\"ISO9001\" data-e-action-hash=\"#elementor-action%3Aaction%3Dlightbox%26settings%3DeyJpZCI6OTU4NSwidXJsIjoiaHR0cHM6XC9cL2Jpb3NhbXAuYmFcL3dwLWNvbnRlbnRcL3VwbG9hZHNcLzIwMjFcLzAxXC9JU085MDAxLnBuZyJ9\">\n\t\t\t\t\t\t\t<img loading=\"lazy\" decoding=\"async\" width=\"724\" height=\"1024\" src=\"https:\/\/biosamp.ba\/wp-content\/uploads\/2021\/01\/ISO9001-724x1024.png\" class=\"attachment-large size-large wp-image-9585\" alt=\"\" srcset=\"https:\/\/biosamp.ba\/wp-content\/uploads\/2021\/01\/ISO9001-724x1024.png 724w, https:\/\/biosamp.ba\/wp-content\/uploads\/2021\/01\/ISO9001-212x300.png 212w, https:\/\/biosamp.ba\/wp-content\/uploads\/2021\/01\/ISO9001-768x1086.png 768w, https:\/\/biosamp.ba\/wp-content\/uploads\/2021\/01\/ISO9001-1086x1536.png 1086w, https:\/\/biosamp.ba\/wp-content\/uploads\/2021\/01\/ISO9001-1448x2048.png 1448w, https:\/\/biosamp.ba\/wp-content\/uploads\/2021\/01\/ISO9001-1200x1697.png 1200w\" sizes=\"auto, (max-width: 724px) 100vw, 724px\" \/>\t\t\t\t\t\t\t\t<\/a>\n\t\t\t\t\t\t\t\t\t\t\t\t\t\t\t<\/div>\n\t\t\t\t<\/div>\n\t\t\t\t\t<\/div>\n\t\t<\/div>\n\t\t\t\t\t\t\t<\/div>\n\t\t<\/section>\n\t\t\t\t\t\t\t<\/div>\n\t\t","protected":false},"excerpt":{"rendered":"<p>Firma Bio-\u0160amp d.o.o. posjeduje slijede\u0107e certifikate: HACCP ISO 9001:2008 GLOBALG.A.P. \u0160ta je HACCP? HACCP \u2013 HAZARD ANALYSIS CRITICAL CONTROL POINTS<\/p>\n","protected":false},"author":1,"featured_media":0,"parent":0,"menu_order":0,"comment_status":"closed","ping_status":"closed","template":"","meta":{"footnotes":""},"class_list":["post-9174","page","type-page","status-publish","hentry"],"_links":{"self":[{"href":"http:\/\/biosamp.ba\/bs_ba\/wp-json\/wp\/v2\/pages\/9174","targetHints":{"allow":["GET"]}}],"collection":[{"href":"http:\/\/biosamp.ba\/bs_ba\/wp-json\/wp\/v2\/pages"}],"about":[{"href":"http:\/\/biosamp.ba\/bs_ba\/wp-json\/wp\/v2\/types\/page"}],"author":[{"embeddable":true,"href":"http:\/\/biosamp.ba\/bs_ba\/wp-json\/wp\/v2\/users\/1"}],"replies":[{"embeddable":true,"href":"http:\/\/biosamp.ba\/bs_ba\/wp-json\/wp\/v2\/comments?post=9174"}],"version-history":[{"count":0,"href":"http:\/\/biosamp.ba\/bs_ba\/wp-json\/wp\/v2\/pages\/9174\/revisions"}],"wp:attachment":[{"href":"http:\/\/biosamp.ba\/bs_ba\/wp-json\/wp\/v2\/media?parent=9174"}],"curies":[{"name":"wp","href":"https:\/\/api.w.org\/{rel}","templated":true}]}}