{"id":9172,"date":"2021-01-18T21:36:53","date_gmt":"2021-01-18T21:36:53","guid":{"rendered":"https:\/\/biosamp.ba\/?page_id=9172"},"modified":"2021-05-04T17:54:10","modified_gmt":"2021-05-04T17:54:10","slug":"proizvodi","status":"publish","type":"page","link":"http:\/\/biosamp.ba\/bs_ba\/proizvodi\/","title":{"rendered":"PROIZVODI"},"content":{"rendered":"\t\t<div data-elementor-type=\"wp-page\" data-elementor-id=\"9172\" class=\"elementor elementor-9172\">\n\t\t\t\t\t\t\t\t\t<section class=\"elementor-section elementor-inner-section elementor-element elementor-element-3a472faa elementor-section-boxed elementor-section-height-default elementor-section-height-default wd-section-disabled\" data-id=\"3a472faa\" data-element_type=\"section\">\n\t\t\t\t\t\t<div class=\"elementor-container elementor-column-gap-default\">\n\t\t\t\t\t<div class=\"elementor-column elementor-col-33 elementor-inner-column elementor-element elementor-element-3797f152\" data-id=\"3797f152\" data-element_type=\"column\">\n\t\t\t<div class=\"elementor-widget-wrap elementor-element-populated\">\n\t\t\t\t\t\t\t\t<div class=\"elementor-element elementor-element-479971b0 elementor-widget elementor-widget-wd_banner\" data-id=\"479971b0\" data-element_type=\"widget\" data-widget_type=\"wd_banner.default\">\n\t\t\t\t<div class=\"elementor-widget-container\">\n\t\t\t\t\t<div class=\"promo-banner-wrapper\">\n\t\t\t<div class=\"promo-banner banner-vr-align-top banner-hr-align-left banner-default banner-hover-zoom color-scheme- banner-btn-size-default banner-btn-style-link wd-display-background cursor-pointer\" onclick=\"window.location.href='#'\">\n\t\t\t\t<div class=\"main-wrapp-img\">\n\t\t\t\t\t\t\t\t\t\t\t<div class=\"banner-image\" style=\"background-image: url(https:\/\/biosamp.ba\/wp-content\/uploads\/2021\/01\/SABLON-SLIKA-PROIZVODA.png);\"><\/div>\n\t\t\t\t\t\t\t\t\t<\/div>\n\n\t\t\t\t<div class=\"wrapper-content-banner\">\n\t\t\t\t\t<div class=\"content-banner text-left\">\n\t\t\t\t\t\t<div class=\"banner-title-wrap banner-title-extra-large\">\n\t\t\t\t\t\t\t\t\t\t\t\t\t<span class=\"banner-subtitle subtitle-style-default\" data-elementor-setting-key=\"subtitle\">\n\t\t\t\t\t\t\t\tNA\u0160 PROIZVOD\t\t\t\t\t\t\t<\/span>\n\t\t\t\t\t\t\n\t\t\t\t\t\t\t\t\t\t\t\t\t<h4 class=\"banner-title wd-underline-colored\" data-elementor-setting-key=\"title\">\n\t\t\t\t\t\t\t\tSHIITAKE <u><\/u>\t\t\t\t\t\t\t<\/h4>\n\t\t\t\t\t\t\t\t\t\t\t<\/div>\n\n\t\t\t\t\t\t\t\t\t\t\t<div class=\"banner-inner reset-mb-10 content-size-default\" data-elementor-setting-key=\"content\">\n\t\t\t\t\t\t\t<p>Svje\u017ee Shiitake<br \/>\npakovanje 150gr.<\/p>\n\t\t\t\t\t\t<\/div>\n\t\t\t\t\t\n\t\t\t\t\t\t\t\t\t<\/div>\n\t\t\t<\/div>\n\t\t<\/div>\n\t\t<\/div>\n\t\t\t\t<\/div>\n\t\t\t\t<\/div>\n\t\t\t\t<div class=\"elementor-element elementor-element-13d72eff elementor-widget elementor-widget-wd_banner\" data-id=\"13d72eff\" data-element_type=\"widget\" data-widget_type=\"wd_banner.default\">\n\t\t\t\t<div class=\"elementor-widget-container\">\n\t\t\t\t\t<div class=\"promo-banner-wrapper\">\n\t\t\t<div class=\"promo-banner banner-vr-align-top banner-hr-align-left banner-default banner-hover-zoom color-scheme- banner-btn-size-default banner-btn-style-link wd-display-background cursor-pointer\" onclick=\"window.location.href='#'\">\n\t\t\t\t<div class=\"main-wrapp-img\">\n\t\t\t\t\t\t\t\t\t\t\t<div class=\"banner-image\" style=\"background-image: url(https:\/\/biosamp.ba\/wp-content\/uploads\/2021\/01\/SAMPINJONI-1KG.png);\"><\/div>\n\t\t\t\t\t\t\t\t\t<\/div>\n\n\t\t\t\t<div class=\"wrapper-content-banner\">\n\t\t\t\t\t<div class=\"content-banner text-left\">\n\t\t\t\t\t\t<div class=\"banner-title-wrap banner-title-extra-large\">\n\t\t\t\t\t\t\t\t\t\t\t\t\t<span class=\"banner-subtitle subtitle-style-default\" data-elementor-setting-key=\"subtitle\">\n\t\t\t\t\t\t\t\tNA\u0160 PROIZVOD\t\t\t\t\t\t\t<\/span>\n\t\t\t\t\t\t\n\t\t\t\t\t\t\t\t\t\t\t\t\t<h4 class=\"banner-title wd-underline-colored\" data-elementor-setting-key=\"title\">\n\t\t\t\t\t\t\t\t\u0160AMPINJONI 1KG <u><\/u>\t\t\t\t\t\t\t<\/h4>\n\t\t\t\t\t\t\t\t\t\t\t<\/div>\n\n\t\t\t\t\t\t\t\t\t\t\t<div class=\"banner-inner reset-mb-10 content-size-default\" data-elementor-setting-key=\"content\">\n\t\t\t\t\t\t\t<p>Svje\u017ei \u0161ampinjoni<br \/>\npakovanje 1kg.<\/p>\n\t\t\t\t\t\t<\/div>\n\t\t\t\t\t\n\t\t\t\t\t\t\t\t\t<\/div>\n\t\t\t<\/div>\n\t\t<\/div>\n\t\t<\/div>\n\t\t\t\t<\/div>\n\t\t\t\t<\/div>\n\t\t\t\t<div class=\"elementor-element elementor-element-633419ae elementor-widget elementor-widget-wd_banner\" data-id=\"633419ae\" data-element_type=\"widget\" data-widget_type=\"wd_banner.default\">\n\t\t\t\t<div class=\"elementor-widget-container\">\n\t\t\t\t\t<div class=\"promo-banner-wrapper\">\n\t\t\t<div class=\"promo-banner banner-vr-align-top banner-hr-align-left banner-default banner-hover-zoom color-scheme- banner-btn-size-default banner-btn-style-link wd-display-background cursor-pointer\" onclick=\"window.location.href='#'\">\n\t\t\t\t<div class=\"main-wrapp-img\">\n\t\t\t\t\t\t\t\t\t\t\t<div class=\"banner-image\" style=\"background-image: url(https:\/\/biosamp.ba\/wp-content\/uploads\/2021\/01\/MIX-SVJEZIH-GLJIVA.png);\"><\/div>\n\t\t\t\t\t\t\t\t\t<\/div>\n\n\t\t\t\t<div class=\"wrapper-content-banner\">\n\t\t\t\t\t<div class=\"content-banner text-left\">\n\t\t\t\t\t\t<div class=\"banner-title-wrap banner-title-extra-large\">\n\t\t\t\t\t\t\t\t\t\t\t\t\t<span class=\"banner-subtitle subtitle-style-default\" data-elementor-setting-key=\"subtitle\">\n\t\t\t\t\t\t\t\tNA\u0160 PROIZVOD\t\t\t\t\t\t\t<\/span>\n\t\t\t\t\t\t\n\t\t\t\t\t\t\t\t\t\t\t\t\t<h4 class=\"banner-title wd-underline-colored\" data-elementor-setting-key=\"title\">\n\t\t\t\t\t\t\t\tMIX SVJE\u017dIH GLJIVA <u><\/u>\t\t\t\t\t\t\t<\/h4>\n\t\t\t\t\t\t\t\t\t\t\t<\/div>\n\n\t\t\t\t\t\t\t\t\t\t\t<div class=\"banner-inner reset-mb-10 content-size-default\" data-elementor-setting-key=\"content\">\n\t\t\t\t\t\t\t<p>Bukova\u010da, \u0161ampinjoni, zlatni \u0161ampinjoni, shiitake gljive<br \/>\npakovanje 400gr..<\/p>\n\t\t\t\t\t\t<\/div>\n\t\t\t\t\t\n\t\t\t\t\t\t\t\t\t<\/div>\n\t\t\t<\/div>\n\t\t<\/div>\n\t\t<\/div>\n\t\t\t\t<\/div>\n\t\t\t\t<\/div>\n\t\t\t\t\t<\/div>\n\t\t<\/div>\n\t\t\t\t<div class=\"elementor-column elementor-col-33 elementor-inner-column elementor-element elementor-element-2cb94914\" data-id=\"2cb94914\" data-element_type=\"column\">\n\t\t\t<div class=\"elementor-widget-wrap elementor-element-populated\">\n\t\t\t\t\t\t\t\t<div class=\"elementor-element elementor-element-796ecf24 elementor-widget elementor-widget-wd_banner\" data-id=\"796ecf24\" data-element_type=\"widget\" data-widget_type=\"wd_banner.default\">\n\t\t\t\t<div class=\"elementor-widget-container\">\n\t\t\t\t\t<div class=\"promo-banner-wrapper\">\n\t\t\t<div class=\"promo-banner banner-vr-align-top banner-hr-align-left banner-default banner-hover-zoom color-scheme- banner-btn-size-default banner-btn-style-link wd-display-background cursor-pointer\" onclick=\"window.location.href='#'\">\n\t\t\t\t<div class=\"main-wrapp-img\">\n\t\t\t\t\t\t\t\t\t\t\t<div class=\"banner-image\" style=\"background-image: url(https:\/\/biosamp.ba\/wp-content\/uploads\/2021\/01\/MIX-SAMPINJONA.png);\"><\/div>\n\t\t\t\t\t\t\t\t\t<\/div>\n\n\t\t\t\t<div class=\"wrapper-content-banner\">\n\t\t\t\t\t<div class=\"content-banner text-left\">\n\t\t\t\t\t\t<div class=\"banner-title-wrap banner-title-extra-large\">\n\t\t\t\t\t\t\t\t\t\t\t\t\t<span class=\"banner-subtitle subtitle-style-default\" data-elementor-setting-key=\"subtitle\">\n\t\t\t\t\t\t\t\tNA\u0160 PROIZVOD\t\t\t\t\t\t\t<\/span>\n\t\t\t\t\t\t\n\t\t\t\t\t\t\t\t\t\t\t\t\t<h4 class=\"banner-title wd-underline-colored\" data-elementor-setting-key=\"title\">\n\t\t\t\t\t\t\t\tMIX \u0160AMPINJONA<u><\/u>\t\t\t\t\t\t\t<\/h4>\n\t\t\t\t\t\t\t\t\t\t\t<\/div>\n\n\t\t\t\t\t\t\t\t\t\t\t<div class=\"banner-inner reset-mb-10 content-size-default\" data-elementor-setting-key=\"content\">\n\t\t\t\t\t\t\t<p>Svje\u017ei zlatni \u0161ampinjon i bijeli \u0161ampinjon.<br \/>\npakovanje 350gr.<\/p>\n\t\t\t\t\t\t<\/div>\n\t\t\t\t\t\n\t\t\t\t\t\t\t\t\t<\/div>\n\t\t\t<\/div>\n\t\t<\/div>\n\t\t<\/div>\n\t\t\t\t<\/div>\n\t\t\t\t<\/div>\n\t\t\t\t<div class=\"elementor-element elementor-element-32908e9e elementor-widget elementor-widget-wd_banner\" data-id=\"32908e9e\" data-element_type=\"widget\" data-widget_type=\"wd_banner.default\">\n\t\t\t\t<div class=\"elementor-widget-container\">\n\t\t\t\t\t<div class=\"promo-banner-wrapper\">\n\t\t\t<div class=\"promo-banner banner-vr-align-top banner-hr-align-left banner-default banner-hover-zoom color-scheme- banner-btn-size-default banner-btn-style-link wd-display-background cursor-pointer\" onclick=\"window.location.href='#'\">\n\t\t\t\t<div class=\"main-wrapp-img\">\n\t\t\t\t\t\t\t\t\t\t\t<div class=\"banner-image\" style=\"background-image: url(https:\/\/biosamp.ba\/wp-content\/uploads\/2021\/01\/SAMPINJONI.png);\"><\/div>\n\t\t\t\t\t\t\t\t\t<\/div>\n\n\t\t\t\t<div class=\"wrapper-content-banner\">\n\t\t\t\t\t<div class=\"content-banner text-left\">\n\t\t\t\t\t\t<div class=\"banner-title-wrap banner-title-extra-large\">\n\t\t\t\t\t\t\t\t\t\t\t\t\t<span class=\"banner-subtitle subtitle-style-default\" data-elementor-setting-key=\"subtitle\">\n\t\t\t\t\t\t\t\tNA\u0160 PROIZVOD\t\t\t\t\t\t\t<\/span>\n\t\t\t\t\t\t\n\t\t\t\t\t\t\t\t\t\t\t\t\t<h4 class=\"banner-title wd-underline-colored\" data-elementor-setting-key=\"title\">\n\t\t\t\t\t\t\t\t\u0160AMPINJONI <u><\/u>\t\t\t\t\t\t\t<\/h4>\n\t\t\t\t\t\t\t\t\t\t\t<\/div>\n\n\t\t\t\t\t\t\t\t\t\t\t<div class=\"banner-inner reset-mb-10 content-size-default\" data-elementor-setting-key=\"content\">\n\t\t\t\t\t\t\t<p>Svje\u017ei \u0161ampinjoni<br \/>\npakovanja: 250gr, 350gr, 400gr, 500gr.<\/p>\n\t\t\t\t\t\t<\/div>\n\t\t\t\t\t\n\t\t\t\t\t\t\t\t\t<\/div>\n\t\t\t<\/div>\n\t\t<\/div>\n\t\t<\/div>\n\t\t\t\t<\/div>\n\t\t\t\t<\/div>\n\t\t\t\t<div class=\"elementor-element elementor-element-71685d9d elementor-widget elementor-widget-wd_banner\" data-id=\"71685d9d\" data-element_type=\"widget\" data-widget_type=\"wd_banner.default\">\n\t\t\t\t<div class=\"elementor-widget-container\">\n\t\t\t\t\t<div class=\"promo-banner-wrapper\">\n\t\t\t<div class=\"promo-banner banner-vr-align-top banner-hr-align-left banner-default banner-hover-zoom color-scheme- banner-btn-size-default banner-btn-style-link wd-display-background cursor-pointer\" onclick=\"window.location.href='#'\">\n\t\t\t\t<div class=\"main-wrapp-img\">\n\t\t\t\t\t\t\t\t\t\t\t<div class=\"banner-image\" style=\"background-image: url(https:\/\/biosamp.ba\/wp-content\/uploads\/2021\/01\/REZANI-SAMPINJON.png);\"><\/div>\n\t\t\t\t\t\t\t\t\t<\/div>\n\n\t\t\t\t<div class=\"wrapper-content-banner\">\n\t\t\t\t\t<div class=\"content-banner text-left\">\n\t\t\t\t\t\t<div class=\"banner-title-wrap banner-title-extra-large\">\n\t\t\t\t\t\t\t\t\t\t\t\t\t<span class=\"banner-subtitle subtitle-style-default\" data-elementor-setting-key=\"subtitle\">\n\t\t\t\t\t\t\t\tNA\u0160 PROIZVOD\t\t\t\t\t\t\t<\/span>\n\t\t\t\t\t\t\n\t\t\t\t\t\t\t\t\t\t\t\t\t<h4 class=\"banner-title wd-underline-colored\" data-elementor-setting-key=\"title\">\n\t\t\t\t\t\t\t\tREZANI \u0160AMPINJONI <u><\/u>\t\t\t\t\t\t\t<\/h4>\n\t\t\t\t\t\t\t\t\t\t\t<\/div>\n\n\t\t\t\t\t\t\t\t\t\t\t<div class=\"banner-inner reset-mb-10 content-size-default\" data-elementor-setting-key=\"content\">\n\t\t\t\t\t\t\t<p>Svje\u017ee rezani \u0161ampinjoni<br \/>\npakovanje 350gr..<\/p>\n\t\t\t\t\t\t<\/div>\n\t\t\t\t\t\n\t\t\t\t\t\t\t\t\t<\/div>\n\t\t\t<\/div>\n\t\t<\/div>\n\t\t<\/div>\n\t\t\t\t<\/div>\n\t\t\t\t<\/div>\n\t\t\t\t<div class=\"elementor-element elementor-element-3869f9f8 elementor-widget elementor-widget-wd_banner\" data-id=\"3869f9f8\" data-element_type=\"widget\" data-widget_type=\"wd_banner.default\">\n\t\t\t\t<div class=\"elementor-widget-container\">\n\t\t\t\t\t<div class=\"promo-banner-wrapper\">\n\t\t\t<div class=\"promo-banner banner-vr-align-top banner-hr-align-left banner-default banner-hover-zoom color-scheme- banner-btn-size-default banner-btn-style-link wd-display-background cursor-pointer\" onclick=\"window.location.href='#'\">\n\t\t\t\t<div class=\"main-wrapp-img\">\n\t\t\t\t\t\t\t\t\t\t\t<div class=\"banner-image\" style=\"background-image: url(https:\/\/biosamp.ba\/wp-content\/uploads\/2021\/01\/RED.png);\"><\/div>\n\t\t\t\t\t\t\t\t\t<\/div>\n\n\t\t\t\t<div class=\"wrapper-content-banner\">\n\t\t\t\t\t<div class=\"content-banner text-left\">\n\t\t\t\t\t\t<div class=\"banner-title-wrap banner-title-extra-large\">\n\t\t\t\t\t\t\t\t\t\t\t\t\t<span class=\"banner-subtitle subtitle-style-default\" data-elementor-setting-key=\"subtitle\">\n\t\t\t\t\t\t\t\tZainteresovani ste za na\u0161e proizvode?\t\t\t\t\t\t\t<\/span>\n\t\t\t\t\t\t\n\t\t\t\t\t\t\t\t\t\t\t\t\t<h4 class=\"banner-title wd-underline-colored\" data-elementor-setting-key=\"title\">\n\t\t\t\t\t\t\t\tIMATE PITANJA?\t\t\t\t\t\t\t<\/h4>\n\t\t\t\t\t\t\t\t\t\t\t<\/div>\n\n\t\t\t\t\t\t\t\t\t\t\t<div class=\"banner-inner reset-mb-10 content-size-medium\" data-elementor-setting-key=\"content\">\n\t\t\t\t\t\t\t<p>Budite slobodni da nam se obratite,<br \/>\nvrlo radno \u0107emo odgovoriti svim Va\u0161im zahtjevima i upitima \ud83d\ude42<\/p>\n\t\t\t\t\t\t<\/div>\n\t\t\t\t\t\n\t\t\t\t\t\t\t\t\t<\/div>\n\t\t\t<\/div>\n\t\t<\/div>\n\t\t<\/div>\n\t\t\t\t<\/div>\n\t\t\t\t<\/div>\n\t\t\t\t\t<\/div>\n\t\t<\/div>\n\t\t\t\t<div class=\"elementor-column elementor-col-33 elementor-inner-column elementor-element elementor-element-79ae7808\" data-id=\"79ae7808\" data-element_type=\"column\">\n\t\t\t<div class=\"elementor-widget-wrap elementor-element-populated\">\n\t\t\t\t\t\t\t\t<div class=\"elementor-element elementor-element-34dc849a elementor-widget elementor-widget-wd_banner\" data-id=\"34dc849a\" data-element_type=\"widget\" data-widget_type=\"wd_banner.default\">\n\t\t\t\t<div class=\"elementor-widget-container\">\n\t\t\t\t\t<div class=\"promo-banner-wrapper\">\n\t\t\t<div class=\"promo-banner banner-vr-align-top banner-hr-align-left banner-default banner-hover-zoom color-scheme- banner-btn-size-default banner-btn-style-link wd-display-background cursor-pointer\" onclick=\"window.location.href='#'\">\n\t\t\t\t<div class=\"main-wrapp-img\">\n\t\t\t\t\t\t\t\t\t\t\t<div class=\"banner-image\" style=\"background-image: url(https:\/\/biosamp.ba\/wp-content\/uploads\/2021\/01\/BUKOVACA.png);\"><\/div>\n\t\t\t\t\t\t\t\t\t<\/div>\n\n\t\t\t\t<div class=\"wrapper-content-banner\">\n\t\t\t\t\t<div class=\"content-banner text-left\">\n\t\t\t\t\t\t<div class=\"banner-title-wrap banner-title-extra-large\">\n\t\t\t\t\t\t\t\t\t\t\t\t\t<span class=\"banner-subtitle subtitle-style-default\" data-elementor-setting-key=\"subtitle\">\n\t\t\t\t\t\t\t\tNA\u0160 PROIZVOD\t\t\t\t\t\t\t<\/span>\n\t\t\t\t\t\t\n\t\t\t\t\t\t\t\t\t\t\t\t\t<h4 class=\"banner-title wd-underline-colored\" data-elementor-setting-key=\"title\">\n\t\t\t\t\t\t\t\tBUKOVA\u010cA <u><\/u>\t\t\t\t\t\t\t<\/h4>\n\t\t\t\t\t\t\t\t\t\t\t<\/div>\n\n\t\t\t\t\t\t\t\t\t\t\t<div class=\"banner-inner reset-mb-10 content-size-default\" data-elementor-setting-key=\"content\">\n\t\t\t\t\t\t\t<p>Svje\u017ea bukova\u010da<br \/>\npakovanje 350gr.<\/p>\n\t\t\t\t\t\t<\/div>\n\t\t\t\t\t\n\t\t\t\t\t\t\t\t\t<\/div>\n\t\t\t<\/div>\n\t\t<\/div>\n\t\t<\/div>\n\t\t\t\t<\/div>\n\t\t\t\t<\/div>\n\t\t\t\t<div class=\"elementor-element elementor-element-7fce7d54 elementor-widget elementor-widget-wd_banner\" data-id=\"7fce7d54\" data-element_type=\"widget\" data-widget_type=\"wd_banner.default\">\n\t\t\t\t<div class=\"elementor-widget-container\">\n\t\t\t\t\t<div class=\"promo-banner-wrapper\">\n\t\t\t<div class=\"promo-banner banner-vr-align-top banner-hr-align-left banner-default banner-hover-zoom color-scheme- banner-btn-size-default banner-btn-style-link wd-display-background cursor-pointer\" onclick=\"window.location.href='#'\">\n\t\t\t\t<div class=\"main-wrapp-img\">\n\t\t\t\t\t\t\t\t\t\t\t<div class=\"banner-image\" style=\"background-image: url(https:\/\/biosamp.ba\/wp-content\/uploads\/2021\/01\/ZLATNI-SAMPINJON.png);\"><\/div>\n\t\t\t\t\t\t\t\t\t<\/div>\n\n\t\t\t\t<div class=\"wrapper-content-banner\">\n\t\t\t\t\t<div class=\"content-banner text-left\">\n\t\t\t\t\t\t<div class=\"banner-title-wrap banner-title-extra-large\">\n\t\t\t\t\t\t\t\t\t\t\t\t\t<span class=\"banner-subtitle subtitle-style-default\" data-elementor-setting-key=\"subtitle\">\n\t\t\t\t\t\t\t\tNA\u0160 PROIZVOD\t\t\t\t\t\t\t<\/span>\n\t\t\t\t\t\t\n\t\t\t\t\t\t\t\t\t\t\t\t\t<h4 class=\"banner-title wd-underline-colored\" data-elementor-setting-key=\"title\">\n\t\t\t\t\t\t\t\tZLATNI \u0160AMPINJON <u><\/u>\t\t\t\t\t\t\t<\/h4>\n\t\t\t\t\t\t\t\t\t\t\t<\/div>\n\n\t\t\t\t\t\t\t\t\t\t\t<div class=\"banner-inner reset-mb-10 content-size-default\" data-elementor-setting-key=\"content\">\n\t\t\t\t\t\t\t<p>Svje\u017ei zlatni \u0161ampinjon<br \/>\npakovanje 350gr.<\/p>\n\t\t\t\t\t\t<\/div>\n\t\t\t\t\t\n\t\t\t\t\t\t\t\t\t<\/div>\n\t\t\t<\/div>\n\t\t<\/div>\n\t\t<\/div>\n\t\t\t\t<\/div>\n\t\t\t\t<\/div>\n\t\t\t\t<div class=\"elementor-element elementor-element-2e70379c elementor-widget elementor-widget-wd_banner\" data-id=\"2e70379c\" data-element_type=\"widget\" data-widget_type=\"wd_banner.default\">\n\t\t\t\t<div class=\"elementor-widget-container\">\n\t\t\t\t\t<div class=\"promo-banner-wrapper\">\n\t\t\t<div class=\"promo-banner banner-vr-align-top banner-hr-align-left banner-default banner-hover-zoom color-scheme- banner-btn-size-default banner-btn-style-link wd-display-background cursor-pointer\" onclick=\"window.location.href='#'\">\n\t\t\t\t<div class=\"main-wrapp-img\">\n\t\t\t\t\t\t\t\t\t\t\t<div class=\"banner-image\" style=\"background-image: url(https:\/\/biosamp.ba\/wp-content\/uploads\/2021\/01\/RINFUZNI-U-TEGLI.png);\"><\/div>\n\t\t\t\t\t\t\t\t\t<\/div>\n\n\t\t\t\t<div class=\"wrapper-content-banner\">\n\t\t\t\t\t<div class=\"content-banner text-left\">\n\t\t\t\t\t\t<div class=\"banner-title-wrap banner-title-extra-large\">\n\t\t\t\t\t\t\t\t\t\t\t\t\t<span class=\"banner-subtitle subtitle-style-default\" data-elementor-setting-key=\"subtitle\">\n\t\t\t\t\t\t\t\tNA\u0160 PROIZVOD\t\t\t\t\t\t\t<\/span>\n\t\t\t\t\t\t\n\t\t\t\t\t\t\t\t\t\t\t\t\t<h4 class=\"banner-title wd-underline-colored\" data-elementor-setting-key=\"title\">\n\t\t\t\t\t\t\t\tPASTERIZOVANI REZANI \u0160AMPINJONI <u><\/u>\t\t\t\t\t\t\t<\/h4>\n\t\t\t\t\t\t\t\t\t\t\t<\/div>\n\n\t\t\t\t\t\t\t\t\t\t\t<div class=\"banner-inner reset-mb-10 content-size-default\" data-elementor-setting-key=\"content\">\n\t\t\t\t\t\t\t<p>pakovanje 500gr, 1kg, 3kg, 5kg<\/p>\n\t\t\t\t\t\t<\/div>\n\t\t\t\t\t\n\t\t\t\t\t\t\t\t\t<\/div>\n\t\t\t<\/div>\n\t\t<\/div>\n\t\t<\/div>\n\t\t\t\t<\/div>\n\t\t\t\t<\/div>\n\t\t\t\t\t<\/div>\n\t\t<\/div>\n\t\t\t\t\t\t\t<\/div>\n\t\t<\/section>\n\t\t\t\t\t\t\t<\/div>\n\t\t","protected":false},"excerpt":{"rendered":"<p>NA\u0160 PROIZVOD SHIITAKE Svje\u017ee Shiitake pakovanje 150gr. NA\u0160 PROIZVOD \u0160AMPINJONI 1KG Svje\u017ei \u0161ampinjoni pakovanje 1kg. NA\u0160 PROIZVOD MIX SVJE\u017dIH GLJIVA<\/p>\n","protected":false},"author":1,"featured_media":0,"parent":0,"menu_order":0,"comment_status":"closed","ping_status":"closed","template":"","meta":{"footnotes":""},"class_list":["post-9172","page","type-page","status-publish","hentry"],"_links":{"self":[{"href":"http:\/\/biosamp.ba\/bs_ba\/wp-json\/wp\/v2\/pages\/9172","targetHints":{"allow":["GET"]}}],"collection":[{"href":"http:\/\/biosamp.ba\/bs_ba\/wp-json\/wp\/v2\/pages"}],"about":[{"href":"http:\/\/biosamp.ba\/bs_ba\/wp-json\/wp\/v2\/types\/page"}],"author":[{"embeddable":true,"href":"http:\/\/biosamp.ba\/bs_ba\/wp-json\/wp\/v2\/users\/1"}],"replies":[{"embeddable":true,"href":"http:\/\/biosamp.ba\/bs_ba\/wp-json\/wp\/v2\/comments?post=9172"}],"version-history":[{"count":0,"href":"http:\/\/biosamp.ba\/bs_ba\/wp-json\/wp\/v2\/pages\/9172\/revisions"}],"wp:attachment":[{"href":"http:\/\/biosamp.ba\/bs_ba\/wp-json\/wp\/v2\/media?parent=9172"}],"curies":[{"name":"wp","href":"https:\/\/api.w.org\/{rel}","templated":true}]}}